{"id":3367,"date":"2025-10-22T11:49:48","date_gmt":"2025-10-22T11:49:48","guid":{"rendered":"https:\/\/verbeekenbol.com\/?page_id=3367"},"modified":"2026-01-15T11:45:05","modified_gmt":"2026-01-15T11:45:05","slug":"freie-stellen","status":"publish","type":"page","link":"https:\/\/verbeekenbol.com\/de\/freie-stellen\/","title":{"rendered":"Freie Stellen"},"content":{"rendered":"<div data-elementor-type=\"wp-page\" data-elementor-id=\"3367\" class=\"elementor elementor-3367\" data-elementor-post-type=\"page\">\n\t\t\t\t<div class=\"elementor-element elementor-element-d59d195 e-flex e-con-boxed e-con e-child\" data-id=\"d59d195\" data-element_type=\"container\" data-settings=\"{&quot;background_background&quot;:&quot;classic&quot;,&quot;jet_parallax_layout_list&quot;:[]}\">\n\t\t\t\t\t<div class=\"e-con-inner\">\n\t\t<div class=\"elementor-element elementor-element-b933cd4 e-con-full e-flex e-con e-child\" data-id=\"b933cd4\" data-element_type=\"container\" data-settings=\"{&quot;jet_parallax_layout_list&quot;:[]}\">\n\t\t\t\t<div class=\"elementor-element elementor-element-941d0bf elementor-widget elementor-widget-heading\" data-id=\"941d0bf\" data-element_type=\"widget\" data-widget_type=\"heading.default\">\n\t\t\t\t\t<p class=\"elementor-heading-title elementor-size-default\">Arbeiten Sie bei verbeek und bol<\/p>\t\t\t\t<\/div>\n\t\t\t\t<div class=\"elementor-element elementor-element-3600083 elementor-widget elementor-widget-heading\" data-id=\"3600083\" data-element_type=\"widget\" data-widget_type=\"heading.default\">\n\t\t\t\t\t<h1 class=\"elementor-heading-title elementor-size-default\">Freie Stellen<\/h1>\t\t\t\t<\/div>\n\t\t\t\t<div class=\"elementor-element elementor-element-1654d36 elementor-widget elementor-widget-text-editor\" data-id=\"1654d36\" data-element_type=\"widget\" data-widget_type=\"text-editor.default\">\n\t\t\t\t\t\t\t\t\t<p>Entdecken Sie unsere aktuellen Stellenangebote und werden Sie Teil eines leidenschaftlichen Teams, das jeden Tag an Innovation, Wachstum und Qualit\u00e4t arbeitet.<\/p>\t\t\t\t\t\t\t\t<\/div>\n\t\t\t\t<\/div>\n\t\t\t\t\t<\/div>\n\t\t\t\t<\/div>\n\t\t<div class=\"elementor-element elementor-element-d3443d4 e-con-full e-flex e-con e-parent\" data-id=\"d3443d4\" data-element_type=\"container\" data-settings=\"{&quot;jet_parallax_layout_list&quot;:[]}\">\n\t\t<div class=\"elementor-element elementor-element-b730c90 e-con-full e-flex e-con e-child\" data-id=\"b730c90\" data-element_type=\"container\" data-settings=\"{&quot;background_background&quot;:&quot;classic&quot;,&quot;jet_parallax_layout_list&quot;:[]}\">\n\t\t\t\t<div class=\"elementor-element elementor-element-df26db5 listing elementor-widget elementor-widget-jet-listing-grid\" data-id=\"df26db5\" data-element_type=\"widget\" data-settings=\"{&quot;columns&quot;:&quot;3&quot;,&quot;columns_tablet&quot;:&quot;1&quot;}\" data-widget_type=\"jet-listing-grid.default\">\n\t\t\t\t\t<div class=\"jet-listing-grid jet-listing\"><div class=\"jet-listing-not-found jet-listing-grid__items\" data-nav=\"{&quot;enabled&quot;:false,&quot;type&quot;:null,&quot;more_el&quot;:null,&quot;query&quot;:[],&quot;widget_settings&quot;:{&quot;lisitng_id&quot;:3377,&quot;posts_num&quot;:20,&quot;columns&quot;:3,&quot;columns_tablet&quot;:1,&quot;columns_mobile&quot;:1,&quot;column_min_width&quot;:240,&quot;column_min_width_tablet&quot;:240,&quot;column_min_width_mobile&quot;:240,&quot;inline_columns_css&quot;:false,&quot;is_archive_template&quot;:&quot;&quot;,&quot;post_status&quot;:[&quot;publish&quot;],&quot;use_random_posts_num&quot;:&quot;&quot;,&quot;max_posts_num&quot;:9,&quot;not_found_message&quot;:&quot;Geen vacatures gevonden&quot;,&quot;is_masonry&quot;:false,&quot;equal_columns_height&quot;:&quot;&quot;,&quot;use_load_more&quot;:&quot;&quot;,&quot;load_more_id&quot;:&quot;&quot;,&quot;load_more_type&quot;:&quot;click&quot;,&quot;load_more_offset&quot;:{&quot;unit&quot;:&quot;px&quot;,&quot;size&quot;:0,&quot;sizes&quot;:[]},&quot;use_custom_post_types&quot;:&quot;&quot;,&quot;custom_post_types&quot;:[],&quot;hide_widget_if&quot;:&quot;&quot;,&quot;carousel_enabled&quot;:&quot;&quot;,&quot;slides_to_scroll&quot;:&quot;1&quot;,&quot;arrows&quot;:&quot;true&quot;,&quot;arrow_icon&quot;:&quot;fa fa-angle-left&quot;,&quot;dots&quot;:&quot;&quot;,&quot;autoplay&quot;:&quot;true&quot;,&quot;pause_on_hover&quot;:&quot;true&quot;,&quot;autoplay_speed&quot;:5000,&quot;infinite&quot;:&quot;true&quot;,&quot;center_mode&quot;:&quot;&quot;,&quot;effect&quot;:&quot;slide&quot;,&quot;speed&quot;:500,&quot;inject_alternative_items&quot;:&quot;&quot;,&quot;injection_items&quot;:[],&quot;scroll_slider_enabled&quot;:&quot;&quot;,&quot;scroll_slider_on&quot;:[&quot;desktop&quot;,&quot;tablet&quot;,&quot;mobile&quot;],&quot;custom_query&quot;:false,&quot;custom_query_id&quot;:&quot;&quot;,&quot;_element_id&quot;:&quot;&quot;,&quot;collapse_first_last_gap&quot;:false,&quot;list_tag_selection&quot;:&quot;&quot;,&quot;list_items_wrapper_tag&quot;:&quot;div&quot;,&quot;list_item_tag&quot;:&quot;div&quot;,&quot;empty_items_wrapper_tag&quot;:&quot;div&quot;}}\" data-listing-source=\"posts\" data-listing-id=\"3377\" data-query-id=\"\" data-queried-id=\"3367|WP_Post\">Keine freien Stellen gefunden<\/div><\/div>\t\t\t\t<\/div>\n\t\t\t\t<\/div>\n\t\t\t\t<\/div>\n\t\t<div class=\"elementor-element elementor-element-f6dd687 e-flex e-con-boxed e-con e-parent\" data-id=\"f6dd687\" data-element_type=\"container\" data-settings=\"{&quot;jet_parallax_layout_list&quot;:[]}\">\n\t\t\t\t\t<div class=\"e-con-inner\">\n\t\t\t\t<div class=\"elementor-element elementor-element-19bb1fa elementor-widget elementor-widget-heading\" data-id=\"19bb1fa\" data-element_type=\"widget\" data-widget_type=\"heading.default\">\n\t\t\t\t\t<span class=\"elementor-heading-title elementor-size-default\">Glauben Sie, dass Sie unser Team bereichern k\u00f6nnen? Wir w\u00fcrden uns freuen, von Ihnen zu h\u00f6ren!<\/span>\t\t\t\t<\/div>\n\t\t\t\t<div class=\"elementor-element elementor-element-453ced5 elementor-widget elementor-widget-heading\" data-id=\"453ced5\" data-element_type=\"widget\" data-widget_type=\"heading.default\">\n\t\t\t\t\t<h2 class=\"elementor-heading-title elementor-size-default\">Anwendung \u00f6ffnen<\/h2>\t\t\t\t<\/div>\n\t\t\t\t<div class=\"elementor-element elementor-element-ffd1a42 elementor-widget elementor-widget-shortcode\" data-id=\"ffd1a42\" data-element_type=\"widget\" data-widget_type=\"shortcode.default\">\n\t\t\t\t\t\t\t<div class=\"elementor-shortcode\">\t\t<div data-elementor-type=\"section\" data-elementor-id=\"3402\" class=\"elementor elementor-3402\" data-elementor-post-type=\"elementor_library\">\n\t\t\t\t\t<section class=\"elementor-section elementor-top-section elementor-element elementor-element-b229117 elementor-section-full_width elementor-section-height-default elementor-section-height-default\" data-id=\"b229117\" data-element_type=\"section\" data-settings=\"{&quot;jet_parallax_layout_list&quot;:[]}\">\n\t\t\t\t\t\t<div class=\"elementor-container elementor-column-gap-default\">\n\t\t\t\t\t<div class=\"elementor-column elementor-col-100 elementor-top-column elementor-element elementor-element-2338312\" data-id=\"2338312\" data-element_type=\"column\" data-settings=\"{&quot;background_background&quot;:&quot;classic&quot;}\">\n\t\t\t<div class=\"elementor-widget-wrap elementor-element-populated\">\n\t\t\t\t\t\t<div class=\"elementor-element elementor-element-7e98bfd elementor-widget elementor-widget-heading\" data-id=\"7e98bfd\" data-element_type=\"widget\" data-widget_type=\"heading.default\">\n\t\t\t\t\t<h2 class=\"elementor-heading-title elementor-size-default\">Anmeldung<\/h2>\t\t\t\t<\/div>\n\t\t\t\t<div class=\"elementor-element elementor-element-968c2d9 elementor-button-align-end regular-form elementor-mobile-button-align-stretch elementor-widget elementor-widget-form\" data-id=\"968c2d9\" data-element_type=\"widget\" data-settings=\"{&quot;step_next_label&quot;:&quot;Next&quot;,&quot;step_previous_label&quot;:&quot;Previous&quot;,&quot;button_width&quot;:&quot;100&quot;,&quot;step_type&quot;:&quot;number_text&quot;,&quot;step_icon_shape&quot;:&quot;circle&quot;}\" data-widget_type=\"form.default\">\n\t\t\t\t\t\t\t<form class=\"elementor-form\" method=\"post\" name=\"Contactormulier\" aria-label=\"Kontakt-Formular\" action=\"\">\n\t\t\t<input type=\"hidden\" name=\"post_id\" value=\"3402\"\/>\n\t\t\t<input type=\"hidden\" name=\"form_id\" value=\"968c2d9\"\/>\n\t\t\t<input type=\"hidden\" name=\"referer_title\" value=\"Vacatures - Verbeek &amp; Bol\" \/>\n\n\t\t\t\t\t\t\t<input type=\"hidden\" name=\"queried_id\" value=\"3367\"\/>\n\t\t\t\n\t\t\t<div class=\"elementor-form-fields-wrapper elementor-labels-\">\n\t\t\t\t\t\t\t\t<div class=\"elementor-field-type-text elementor-field-group elementor-column elementor-field-group-voornaam elementor-col-50 elementor-field-required\">\n\t\t\t\t\t\t\t\t\t\t\t\t<label for=\"form-field-voornaam\" class=\"elementor-field-label elementor-screen-only\">\n\t\t\t\t\t\t\t\tName\t\t\t\t\t\t\t<\/label>\n\t\t\t\t\t\t\t\t\t\t\t\t\t\t<input size=\"1\" type=\"text\" name=\"form_fields[voornaam]\" id=\"form-field-voornaam\" class=\"elementor-field elementor-size-sm  elementor-field-textual\" placeholder=\"Name \" required=\"required\">\n\t\t\t\t\t\t\t\t\t\t\t<\/div>\n\t\t\t\t\t\t\t\t<div class=\"elementor-field-type-tel elementor-field-group elementor-column elementor-field-group-tel elementor-col-50 elementor-field-required\">\n\t\t\t\t\t\t\t\t\t\t\t\t<label for=\"form-field-tel\" class=\"elementor-field-label elementor-screen-only\">\n\t\t\t\t\t\t\t\tRufnummer\t\t\t\t\t\t\t<\/label>\n\t\t\t\t\t\t\t\t<input size=\"1\" type=\"tel\" name=\"form_fields[tel]\" id=\"form-field-tel\" class=\"elementor-field elementor-size-sm  elementor-field-textual\" placeholder=\"Rufnummer\" required=\"required\" pattern=\"[0-9()#&amp;+*-=.]+\" title=\"Endast siffror och telefontecken (#, -, *, etc) accepteras.\" data-no-translation-title=\"\">\n\n\t\t\t\t\t\t<\/div>\n\t\t\t\t\t\t\t\t<div class=\"elementor-field-type-email elementor-field-group elementor-column elementor-field-group-email elementor-col-100 elementor-field-required\">\n\t\t\t\t\t\t\t\t\t\t\t\t<label for=\"form-field-email\" class=\"elementor-field-label elementor-screen-only\">\n\t\t\t\t\t\t\t\tE-Mail\t\t\t\t\t\t\t<\/label>\n\t\t\t\t\t\t\t\t\t\t\t\t\t\t<input size=\"1\" type=\"email\" name=\"form_fields[email]\" id=\"form-field-email\" class=\"elementor-field elementor-size-sm  elementor-field-textual\" placeholder=\"E-Mail Adresse\" required=\"required\">\n\t\t\t\t\t\t\t\t\t\t\t<\/div>\n\t\t\t\t\t\t\t\t<div class=\"elementor-field-type-upload elementor-field-group elementor-column elementor-field-group-field_2fb4ebd elementor-col-100\">\n\t\t\t\t\t\t\t\t\t\t\t\t<label for=\"form-field-field_2fb4ebd\" class=\"elementor-field-label elementor-screen-only\">\n\t\t\t\t\t\t\t\tCV\t\t\t\t\t\t\t<\/label>\n\t\t\t\t\t\t\t\t<input type=\"file\" name=\"form_fields[field_2fb4ebd]\" id=\"form-field-field_2fb4ebd\" class=\"elementor-field elementor-size-sm  elementor-upload-field\">\n\n\t\t\t\t\t\t<\/div>\n\t\t\t\t\t\t\t\t<div class=\"elementor-field-type-textarea elementor-field-group elementor-column elementor-field-group-message elementor-col-100 elementor-field-required\">\n\t\t\t\t\t\t\t\t\t\t\t\t<label for=\"form-field-message\" class=\"elementor-field-label elementor-screen-only\">\n\t\t\t\t\t\t\t\tNachricht\t\t\t\t\t\t\t<\/label>\n\t\t\t\t\t\t<textarea class=\"elementor-field-textual elementor-field  elementor-size-sm\" name=\"form_fields[message]\" id=\"form-field-message\" rows=\"4\" placeholder=\"Nachricht\" required=\"required\"><\/textarea>\t\t\t\t<\/div>\n\t\t\t\t\t\t\t\t<div class=\"elementor-field-group elementor-column elementor-field-type-submit elementor-col-100 e-form__buttons\">\n\t\t\t\t\t<button class=\"elementor-button elementor-size-sm\" type=\"submit\">\n\t\t\t\t\t\t<span class=\"elementor-button-content-wrapper\">\n\t\t\t\t\t\t\t\t\t\t\t\t\t\t\t<span class=\"elementor-button-icon\">\n\t\t\t\t\t\t\t\t\t<svg aria-hidden=\"true\" class=\"e-font-icon-svg e-fas-paper-plane\" viewbox=\"0 0 512 512\" xmlns=\"http:\/\/www.w3.org\/2000\/svg\"><path d=\"M476 3.2L12.5 270.6c-18.1 10.4-15.8 35.6 2.2 43.2L121 358.4l287.3-253.2c5.5-4.9 13.3 2.6 8.6 8.3L176 407v80.5c0 23.6 28.5 32.9 42.5 15.8L282 426l124.6 52.2c14.2 6 30.4-2.9 33-18.2l72-432C515 7.8 493.3-6.8 476 3.2z\"><\/path><\/svg>\t\t\t\t\t\t\t\t\t\t\t\t\t\t\t\t\t<\/span>\n\t\t\t\t\t\t\t\t\t\t\t\t\t\t\t\t\t\t\t\t\t\t<span class=\"elementor-button-text\">Senden Sie<\/span>\n\t\t\t\t\t\t\t\t\t\t\t\t\t<\/span>\n\t\t\t\t\t<\/button>\n\t\t\t\t<\/div>\n\t\t\t<\/div>\n\t\t<input type=\"hidden\" name=\"trp-form-language\" value=\"de\"\/><\/form>\n\t\t\t\t\t\t<\/div>\n\t\t\t\t\t<\/div>\n\t\t<\/div>\n\t\t\t\t\t<\/div>\n\t\t<\/section>\n\t\t\t\t<\/div>\n\t\t<\/div>\n\t\t\t\t\t\t<\/div>\n\t\t\t\t\t<\/div>\n\t\t\t\t<\/div>\n\t\t\t\t<\/div>","protected":false},"excerpt":{"rendered":"<p>Kommen Sie und arbeiten Sie bei verbeek en bol Stellenangebote Entdecken Sie unsere aktuellen Stellenangebote und werden Sie Teil eines engagierten Teams, das jeden Tag an Innovation, Wachstum und Qualit\u00e4t arbeitet. Glauben Sie, dass Sie unser Team bereichern k\u00f6nnen? Wir freuen uns darauf, von Ihnen zu h\u00f6ren! Bewerbung \u00f6ffnen<\/p>","protected":false},"author":1,"featured_media":0,"parent":0,"menu_order":0,"comment_status":"closed","ping_status":"closed","template":"","meta":{"footnotes":""},"class_list":["post-3367","page","type-page","status-publish","hentry"],"yoast_head":"<!-- This site is optimized with the Yoast SEO plugin v26.7 - https:\/\/yoast.com\/wordpress\/plugins\/seo\/ -->\n<title>Vacatures - Verbeek &amp; Bol<\/title>\n<meta name=\"robots\" content=\"index, follow, max-snippet:-1, max-image-preview:large, max-video-preview:-1\" \/>\n<link rel=\"canonical\" href=\"https:\/\/verbeekenbol.com\/de\/freie-stellen\/\" \/>\n<meta property=\"og:locale\" content=\"de_DE\" \/>\n<meta property=\"og:type\" content=\"article\" \/>\n<meta property=\"og:title\" content=\"Vacatures - Verbeek &amp; Bol\" \/>\n<meta property=\"og:description\" content=\"Kom werken bij verbeek en bol Vacatures Ontdek onze actuele vacatures en word onderdeel van een gedreven team dat elke dag werkt aan innovatie, groei en kwaliteit. Denk jij iets toe te voegen aan ons team? We horen graag van je! Open sollicitatie\" \/>\n<meta property=\"og:url\" content=\"https:\/\/verbeekenbol.com\/de\/freie-stellen\/\" \/>\n<meta property=\"og:site_name\" content=\"Verbeek &amp; Bol\" \/>\n<meta property=\"article:publisher\" content=\"https:\/\/www.facebook.com\/Verbeekenbol\/\" \/>\n<meta property=\"article:modified_time\" content=\"2026-01-15T11:45:05+00:00\" \/>\n<meta name=\"twitter:card\" content=\"summary_large_image\" \/>\n<meta name=\"twitter:label1\" content=\"Gesch\u00e4tzte Lesezeit\" \/>\n\t<meta name=\"twitter:data1\" content=\"1\u00a0Minute\" \/>\n<script type=\"application\/ld+json\" class=\"yoast-schema-graph\">{\"@context\":\"https:\/\/schema.org\",\"@graph\":[{\"@type\":\"WebPage\",\"@id\":\"https:\/\/verbeekenbol.com\/vacatures\/\",\"url\":\"https:\/\/verbeekenbol.com\/vacatures\/\",\"name\":\"Vacatures - Verbeek &amp; Bol\",\"isPartOf\":{\"@id\":\"https:\/\/verbeekenbol.com\/#website\"},\"datePublished\":\"2025-10-22T11:49:48+00:00\",\"dateModified\":\"2026-01-15T11:45:05+00:00\",\"breadcrumb\":{\"@id\":\"https:\/\/verbeekenbol.com\/vacatures\/#breadcrumb\"},\"inLanguage\":\"de\",\"potentialAction\":[{\"@type\":\"ReadAction\",\"target\":[\"https:\/\/verbeekenbol.com\/vacatures\/\"]}]},{\"@type\":\"BreadcrumbList\",\"@id\":\"https:\/\/verbeekenbol.com\/vacatures\/#breadcrumb\",\"itemListElement\":[{\"@type\":\"ListItem\",\"position\":1,\"name\":\"Home\",\"item\":\"https:\/\/verbeekenbol.com\/\"},{\"@type\":\"ListItem\",\"position\":2,\"name\":\"Vacatures\"}]},{\"@type\":\"WebSite\",\"@id\":\"https:\/\/verbeekenbol.com\/#website\",\"url\":\"https:\/\/verbeekenbol.com\/\",\"name\":\"Verbeek & Bol\",\"description\":\"Flowers &amp; Plants\",\"publisher\":{\"@id\":\"https:\/\/verbeekenbol.com\/#organization\"},\"potentialAction\":[{\"@type\":\"SearchAction\",\"target\":{\"@type\":\"EntryPoint\",\"urlTemplate\":\"https:\/\/verbeekenbol.com\/?s={search_term_string}\"},\"query-input\":{\"@type\":\"PropertyValueSpecification\",\"valueRequired\":true,\"valueName\":\"search_term_string\"}}],\"inLanguage\":\"de\"},{\"@type\":\"Organization\",\"@id\":\"https:\/\/verbeekenbol.com\/#organization\",\"name\":\"Verbeek & Bol\",\"url\":\"https:\/\/verbeekenbol.com\/\",\"logo\":{\"@type\":\"ImageObject\",\"inLanguage\":\"de\",\"@id\":\"https:\/\/verbeekenbol.com\/#\/schema\/logo\/image\/\",\"url\":\"https:\/\/verbeekenbol.com\/wp-content\/uploads\/2022\/10\/cropped-LOGO_VB_mid_res.jpg\",\"contentUrl\":\"https:\/\/verbeekenbol.com\/wp-content\/uploads\/2022\/10\/cropped-LOGO_VB_mid_res.jpg\",\"width\":512,\"height\":512,\"caption\":\"Verbeek & Bol\"},\"image\":{\"@id\":\"https:\/\/verbeekenbol.com\/#\/schema\/logo\/image\/\"},\"sameAs\":[\"https:\/\/www.facebook.com\/Verbeekenbol\/\",\"https:\/\/www.instagram.com\/verbeekbol\/\"]}]}<\/script>\n<!-- \/ Yoast SEO plugin. -->","yoast_head_json":{"title":"Freie Stellen - Verbeek &amp; Bol","robots":{"index":"index","follow":"follow","max-snippet":"max-snippet:-1","max-image-preview":"max-image-preview:large","max-video-preview":"max-video-preview:-1"},"canonical":"https:\/\/verbeekenbol.com\/de\/freie-stellen\/","og_locale":"de_DE","og_type":"article","og_title":"Vacatures - Verbeek &amp; Bol","og_description":"Kom werken bij verbeek en bol Vacatures Ontdek onze actuele vacatures en word onderdeel van een gedreven team dat elke dag werkt aan innovatie, groei en kwaliteit. Denk jij iets toe te voegen aan ons team? We horen graag van je! Open sollicitatie","og_url":"https:\/\/verbeekenbol.com\/de\/freie-stellen\/","og_site_name":"Verbeek &amp; Bol","article_publisher":"https:\/\/www.facebook.com\/Verbeekenbol\/","article_modified_time":"2026-01-15T11:45:05+00:00","twitter_card":"summary_large_image","twitter_misc":{"Gesch\u00e4tzte Lesezeit":"1\u00a0Minute"},"schema":{"@context":"https:\/\/schema.org","@graph":[{"@type":"WebPage","@id":"https:\/\/verbeekenbol.com\/vacatures\/","url":"https:\/\/verbeekenbol.com\/vacatures\/","name":"Freie Stellen - Verbeek &amp; Bol","isPartOf":{"@id":"https:\/\/verbeekenbol.com\/#website"},"datePublished":"2025-10-22T11:49:48+00:00","dateModified":"2026-01-15T11:45:05+00:00","breadcrumb":{"@id":"https:\/\/verbeekenbol.com\/vacatures\/#breadcrumb"},"inLanguage":"de","potentialAction":[{"@type":"ReadAction","target":["https:\/\/verbeekenbol.com\/vacatures\/"]}]},{"@type":"BreadcrumbList","@id":"https:\/\/verbeekenbol.com\/vacatures\/#breadcrumb","itemListElement":[{"@type":"ListItem","position":1,"name":"Home","item":"https:\/\/verbeekenbol.com\/"},{"@type":"ListItem","position":2,"name":"Vacatures"}]},{"@type":"WebSite","@id":"https:\/\/verbeekenbol.com\/#website","url":"https:\/\/verbeekenbol.com\/","name":"Blumengro\u00dfhandel in Deutschland | Verbeek &amp; Bol","description":"Blumen und Pflanzen","publisher":{"@id":"https:\/\/verbeekenbol.com\/#organization"},"potentialAction":[{"@type":"SearchAction","target":{"@type":"EntryPoint","urlTemplate":"https:\/\/verbeekenbol.com\/?s={search_term_string}"},"query-input":{"@type":"PropertyValueSpecification","valueRequired":true,"valueName":"search_term_string"}}],"inLanguage":"de"},{"@type":"Organization","@id":"https:\/\/verbeekenbol.com\/#organization","name":"Blumengro\u00dfhandel in Deutschland | Verbeek &amp; Bol","url":"https:\/\/verbeekenbol.com\/","logo":{"@type":"ImageObject","inLanguage":"de","@id":"https:\/\/verbeekenbol.com\/#\/schema\/logo\/image\/","url":"https:\/\/verbeekenbol.com\/wp-content\/uploads\/2022\/10\/cropped-LOGO_VB_mid_res.jpg","contentUrl":"https:\/\/verbeekenbol.com\/wp-content\/uploads\/2022\/10\/cropped-LOGO_VB_mid_res.jpg","width":512,"height":512,"caption":"Verbeek & Bol"},"image":{"@id":"https:\/\/verbeekenbol.com\/#\/schema\/logo\/image\/"},"sameAs":["https:\/\/www.facebook.com\/Verbeekenbol\/","https:\/\/www.instagram.com\/verbeekbol\/"]}]}},"_links":{"self":[{"href":"https:\/\/verbeekenbol.com\/de\/wp-json\/wp\/v2\/pages\/3367","targetHints":{"allow":["GET"]}}],"collection":[{"href":"https:\/\/verbeekenbol.com\/de\/wp-json\/wp\/v2\/pages"}],"about":[{"href":"https:\/\/verbeekenbol.com\/de\/wp-json\/wp\/v2\/types\/page"}],"author":[{"embeddable":true,"href":"https:\/\/verbeekenbol.com\/de\/wp-json\/wp\/v2\/users\/1"}],"replies":[{"embeddable":true,"href":"https:\/\/verbeekenbol.com\/de\/wp-json\/wp\/v2\/comments?post=3367"}],"version-history":[{"count":19,"href":"https:\/\/verbeekenbol.com\/de\/wp-json\/wp\/v2\/pages\/3367\/revisions"}],"predecessor-version":[{"id":3508,"href":"https:\/\/verbeekenbol.com\/de\/wp-json\/wp\/v2\/pages\/3367\/revisions\/3508"}],"wp:attachment":[{"href":"https:\/\/verbeekenbol.com\/de\/wp-json\/wp\/v2\/media?parent=3367"}],"curies":[{"name":"wp","href":"https:\/\/api.w.org\/{rel}","templated":true}]}}